{"id":189,"date":"2014-12-13T18:26:35","date_gmt":"2014-12-13T17:26:35","guid":{"rendered":"http:\/\/ecspunkt.de\/wordpress\/?page_id=189"},"modified":"2015-05-30T15:10:44","modified_gmt":"2015-05-30T13:10:44","slug":"impressum","status":"publish","type":"page","link":"https:\/\/ecspunkt.de\/?page_id=189","title":{"rendered":"Impressum"},"content":{"rendered":"<p><strong>Herausgeber und Inhaber dieser Webseite:<\/strong><\/p>\n<p>Eva Christina Schl\u00f6mer<\/p>\n<p><strong>Verantwortlich gem\u00e4\u00df \u00a7 5 TMG und \u00a7 55 RStV:<\/strong><\/p>\n<p>Eva Christina Schl\u00f6mer<\/p>\n<p>&nbsp;<\/p>\n<h2 style=\"text-align: justify;\">Haftung f\u00fcr Inhalte<\/h2>\n<p style=\"text-align: justify;\">Obwohl ich mich um Aktualit\u00e4t, Vollst\u00e4ndigkeit und Richtigkeit der Inhalte meiner Seite bem\u00fchen, kann ich hierf\u00fcr keine Garantie \u00fcbernehmen.<\/p>\n<p style=\"text-align: justify;\">Nach \u00a7 7 Absatz 1 TDG bin ich als Diensteanbieter f\u00fcr eigene Inhalte auf meiner Seite nach den allgemeinen Gesetzen verantwortlich.<\/p>\n<p style=\"text-align: justify;\">Eine Verpflichtung zur \u00dcberwachung \u00fcbermittelter oder gespeicherter fremder Informationen besteht jedoch nicht (\u00a7\u00a7 8-10 TDG). Sobald mir Rechtsverst\u00f6\u00dfe bekannt werden, werde ich die entsprechenden Inhalte umgehend entfernen. Eine dahingehende Haftung wird jedoch erst ab dem Zeitpunkt der Kenntnis konkreter Rechtsverletzungen \u00fcbernommen.<\/p>\n<h2 style=\"text-align: justify;\">Haftung f\u00fcr Links<\/h2>\n<p style=\"text-align: justify;\">Meine Seite enth\u00e4lt Links auf externe Webseiten Dritter. Auf die Inhalte dieser verlinkten Webseiten habe ich keinen Einfluss. F\u00fcr die Richtigkeit der Inhalte ist immer der jeweilige Anbieter oder Betreiber verantwortlich, weshalb ich diesbez\u00fcglich keinerlei Gew\u00e4hr \u00fcbernehmen.<\/p>\n<p style=\"text-align: justify;\">Die fremden Webseiten habe ich zum Zeitpunkt der Verlinkung auf m\u00f6gliche Rechtsverst\u00f6\u00dfe \u00fcberpr\u00fcft. Zum Zeitpunkt der Verlinkung waren keinerlei Rechtsverletzungen erkennbar. Eine st\u00e4ndige \u00dcberpr\u00fcfung s\u00e4mtlicher Inhalte der von mir verlinkten Seiten ohne tats\u00e4chliche Anhaltspunkte f\u00fcr einen Rechtsversto\u00df kann ich nicht leisten. Falls mir Rechtsverletzungen bekannt werden, werde ich die entsprechenden Links sofort entfernen.<\/p>\n<h2 style=\"text-align: justify;\">Urheberrecht<\/h2>\n<p style=\"text-align: justify;\">Die durch den Betreiber dieser Seite erstellten Inhalte und Werke auf diesen Webseiten unterliegen dem deutschen Urheberrecht. S\u00e4mtliche Beitr\u00e4ge Dritter sind als solche gekennzeichnet. Die Vervielf\u00e4ltigung, Bearbeitung, Verbreitung und jede Art der Verwertung au\u00dferhalb der Grenzen des Urheberrechts bed\u00fcrfen der schriftlichen Zustimmung des jeweiligen Autors bzw. Erstellers. Kopien von diesen Seiten sind nur f\u00fcr den privaten Bereich gestattet, nicht jedoch f\u00fcr kommerzielle Zwecke.<\/p>\n<p>Quelle: <a href=\"http:\/\/www.anwalt-seiten.de\">www.anwalt-seiten.de<\/a><\/p>\n","protected":false},"excerpt":{"rendered":"<p>Herausgeber und Inhaber dieser Webseite: Eva Christina Schl\u00f6mer Verantwortlich gem\u00e4\u00df \u00a7 5 TMG und \u00a7 55 RStV: Eva Christina Schl\u00f6mer &nbsp; Haftung f\u00fcr Inhalte Obwohl ich mich um Aktualit\u00e4t, Vollst\u00e4ndigkeit und Richtigkeit der Inhalte meiner Seite bem\u00fchen, kann ich hierf\u00fcr keine Garantie \u00fcbernehmen. Nach \u00a7 7 Absatz 1 TDG bin ich als Diensteanbieter f\u00fcr eigene [&hellip;]<\/p>\n","protected":false},"author":1,"featured_media":0,"parent":0,"menu_order":0,"comment_status":"closed","ping_status":"closed","template":"","meta":{"footnotes":""},"_links":{"self":[{"href":"https:\/\/ecspunkt.de\/index.php?rest_route=\/wp\/v2\/pages\/189"}],"collection":[{"href":"https:\/\/ecspunkt.de\/index.php?rest_route=\/wp\/v2\/pages"}],"about":[{"href":"https:\/\/ecspunkt.de\/index.php?rest_route=\/wp\/v2\/types\/page"}],"author":[{"embeddable":true,"href":"https:\/\/ecspunkt.de\/index.php?rest_route=\/wp\/v2\/users\/1"}],"replies":[{"embeddable":true,"href":"https:\/\/ecspunkt.de\/index.php?rest_route=%2Fwp%2Fv2%2Fcomments&post=189"}],"version-history":[{"count":5,"href":"https:\/\/ecspunkt.de\/index.php?rest_route=\/wp\/v2\/pages\/189\/revisions"}],"predecessor-version":[{"id":1236,"href":"https:\/\/ecspunkt.de\/index.php?rest_route=\/wp\/v2\/pages\/189\/revisions\/1236"}],"wp:attachment":[{"href":"https:\/\/ecspunkt.de\/index.php?rest_route=%2Fwp%2Fv2%2Fmedia&parent=189"}],"curies":[{"name":"wp","href":"https:\/\/api.w.org\/{rel}","templated":true}]}}