{"id":412,"date":"2015-03-24T17:41:08","date_gmt":"2015-03-24T16:41:08","guid":{"rendered":"http:\/\/ecspunkt.de\/wordpress\/?page_id=412"},"modified":"2020-02-23T12:10:33","modified_gmt":"2020-02-23T11:10:33","slug":"about-me","status":"publish","type":"page","link":"https:\/\/ecspunkt.de\/?page_id=412","title":{"rendered":"about me"},"content":{"rendered":"<div id=\"attachment_2856\" style=\"width: 1494px\" class=\"wp-caption alignnone\"><a href=\"https:\/\/ecspunkt.de\/wp-content\/uploads\/2015\/08\/200320102423.jpg\"><img loading=\"lazy\" decoding=\"async\" aria-describedby=\"caption-attachment-2856\" class=\"size-full wp-image-2856\" src=\"https:\/\/ecspunkt.de\/wp-content\/uploads\/2015\/08\/200320102423.jpg\" alt=\"jj: ecs. Aquarell. o.J.\" width=\"1484\" height=\"1424\" \/><\/a><p id=\"caption-attachment-2856\" class=\"wp-caption-text\">jj: ecs. Aquarell. o.J.<\/p><\/div>\n<h2 style=\"text-align: left;\"><strong>+++ ICH<br \/>\n<\/strong><\/h2>\n<div id=\"attachment_3081\" style=\"width: 635px\" class=\"wp-caption alignnone\"><a href=\"https:\/\/ecspunkt.de\/wp-content\/uploads\/2015\/12\/IMG_4442.jpg\"><img loading=\"lazy\" decoding=\"async\" aria-describedby=\"caption-attachment-3081\" class=\"size-large wp-image-3081\" src=\"https:\/\/ecspunkt.de\/wp-content\/uploads\/2015\/12\/IMG_4442-1024x1024.jpg\" alt=\"ecs. 2015.\" width=\"625\" height=\"625\" srcset=\"https:\/\/ecspunkt.de\/wp-content\/uploads\/2015\/12\/IMG_4442-1024x1024.jpg 1024w, https:\/\/ecspunkt.de\/wp-content\/uploads\/2015\/12\/IMG_4442-150x150.jpg 150w, https:\/\/ecspunkt.de\/wp-content\/uploads\/2015\/12\/IMG_4442-300x300.jpg 300w, https:\/\/ecspunkt.de\/wp-content\/uploads\/2015\/12\/IMG_4442-624x624.jpg 624w\" sizes=\"(max-width: 625px) 100vw, 625px\" \/><\/a><p id=\"caption-attachment-3081\" class=\"wp-caption-text\">ecs. 2015.<\/p><\/div>\n<p>Ich mag Kreativit\u00e4t, Nachhaltigkeit, Engagement f\u00fcr eine offene und tolerante Gesellschaft, Kunst, Tanz, gutes Essen, Physik und vieles mehr. \u2764\ufe0f<\/p>\n<h2 style=\"text-align: justify;\"><strong>+ + + EINE FRAGE, EINE ANTWORT.<\/strong><\/h2>\n<p style=\"text-align: justify;\"><span style=\"text-decoration: underline;\">Frage:<\/span><\/p>\n<p style=\"text-align: justify;\">Warum hei\u00dft dieser Blog im Untertitel \u201ebach und fritten&#8220;?<\/p>\n<p style=\"text-align: justify;\"><span style=\"text-decoration: underline;\">Antwort:<\/span><\/p>\n<p style=\"text-align: justify;\">F\u00fcr mich bedeudet \u201ebach und fritten&#8220; die von mir angenommene und gesetzte Realit\u00e4t der Gleichzeitigkeit der Dinge. Der Ausspruch unterl\u00e4uft das Postulat sich f\u00fcr eine Sache entscheiden, um damit einem stringenten Authentizit\u00e4tsanspruch nachkommen zu m\u00fcssen. In der Regel gilt das H\u00f6ren von Bach-Musik als Hochkunst und der Verzehr von Fritten als Alltagstrash. Mit dem Konsum dieser Dinge sind weiter Bilder und Vorstellungen verbunden, die unsere Realit\u00e4t konstruieren. Bach-Musik-H\u00f6rer und Fritten-Esser geh\u00f6ren in der allgemeinen Vorstellung nicht beieinander. Beide Dinge gleichzeitig zu konsumieren, irritiert. In meiner durch die Theateranthropologie gef\u00e4rbten Perspektive geh\u00f6ren die Dinge aber zusammen. \u201ebach und fritten&#8220; ist ergo ein anderer bildlicher Ausdruck f\u00fcr Balance und f\u00fcr das Infragestellen von Hoch- und Alltagskunst. Und den Fragen: Was ist Leben? Was ist Kunst? Und wer sagt, dass man sich im Leben nur f\u00fcr ein bis zwei Sachen entscheiden muss?<\/p>\n<p style=\"text-align: justify;\">Leider kann dieser Blog zur Zeit nicht in \u201ebach und fritten&#8220; umbenannt werden. Deswegen bleibt der Ausspruch vorerst Untertitel.<\/p>\n<h2 style=\"text-align: justify;\"><strong>+ + + DANKE!<\/strong><\/h2>\n<p style=\"text-align: justify;\">Peter!<\/p>\n<p style=\"text-align: justify;\">\n","protected":false},"excerpt":{"rendered":"<p>+++ ICH Ich mag Kreativit\u00e4t, Nachhaltigkeit, Engagement f\u00fcr eine offene und tolerante Gesellschaft, Kunst, Tanz, gutes Essen, Physik und vieles mehr. \u2764\ufe0f + + + EINE FRAGE, EINE ANTWORT. Frage: Warum hei\u00dft dieser Blog im Untertitel \u201ebach und fritten&#8220;? Antwort: F\u00fcr mich bedeudet \u201ebach und fritten&#8220; die von mir angenommene und gesetzte Realit\u00e4t der Gleichzeitigkeit [&hellip;]<\/p>\n","protected":false},"author":2,"featured_media":0,"parent":0,"menu_order":0,"comment_status":"closed","ping_status":"open","template":"","meta":{"footnotes":""},"_links":{"self":[{"href":"https:\/\/ecspunkt.de\/index.php?rest_route=\/wp\/v2\/pages\/412"}],"collection":[{"href":"https:\/\/ecspunkt.de\/index.php?rest_route=\/wp\/v2\/pages"}],"about":[{"href":"https:\/\/ecspunkt.de\/index.php?rest_route=\/wp\/v2\/types\/page"}],"author":[{"embeddable":true,"href":"https:\/\/ecspunkt.de\/index.php?rest_route=\/wp\/v2\/users\/2"}],"replies":[{"embeddable":true,"href":"https:\/\/ecspunkt.de\/index.php?rest_route=%2Fwp%2Fv2%2Fcomments&post=412"}],"version-history":[{"count":126,"href":"https:\/\/ecspunkt.de\/index.php?rest_route=\/wp\/v2\/pages\/412\/revisions"}],"predecessor-version":[{"id":3340,"href":"https:\/\/ecspunkt.de\/index.php?rest_route=\/wp\/v2\/pages\/412\/revisions\/3340"}],"wp:attachment":[{"href":"https:\/\/ecspunkt.de\/index.php?rest_route=%2Fwp%2Fv2%2Fmedia&parent=412"}],"curies":[{"name":"wp","href":"https:\/\/api.w.org\/{rel}","templated":true}]}}